{"id":164841,"date":"2025-03-11T13:52:22","date_gmt":"2025-03-11T12:52:22","guid":{"rendered":"https:\/\/susppiro.com\/non%20class\u00e9\/pedla-core-lunaair-maillot-cycliste-femme-bleu-marine\/"},"modified":"2025-05-16T11:54:40","modified_gmt":"2025-05-16T09:54:40","slug":"pedla-core-lunaair-maillot-cycliste-femme-bleu-marine","status":"publish","type":"product","link":"https:\/\/susppiro.com\/fr\/product\/vetements-pour-femmes\/maillot-feminin-fr\/pedla-core-lunaair-maillot-cycliste-femme-bleu-marine\/","title":{"rendered":"PEDLA &#8211; CORE \/ LUNAAIR Maillot cycliste femme bleu marine"},"content":{"rendered":"<p>Shirt Pro Lunaair Sheve T -Shirt pour les femmes, s&#8217;adapte parfaitement \u00e0 la forme anatomique du corps. Fabriqu\u00e9 avec un tissu Lunaair super l\u00e9ger, cet ensemble utilise les mat\u00e9riaux les plus avanc\u00e9s en microfibre s\u00e9chage rapide, qui sont naturellement doux, \u00e9tir\u00e9s et respirants. Les panneaux de maillage lat\u00e9raux offrent \u00e0 la fois une excellente absorption d&#8217;humidit\u00e9, ainsi que l&#8217;expiration de la transpiration, des mauvaises odeurs et des bact\u00e9ries qui les produisent.<\/p>\n","protected":false},"excerpt":{"rendered":"<p>Short Ma Lunaair T -Shirt pour les femmes<\/p>\n","protected":false},"featured_media":155761,"template":"","meta":[],"product_brand":[199],"product_cat":[362,381],"product_tag":[364],"class_list":{"0":"post-164841","1":"product","2":"type-product","3":"status-publish","4":"has-post-thumbnail","6":"product_brand-pedla","7":"product_cat-vetements-pour-femmes","8":"product_cat-maillot-feminin","9":"product_tag-velo","11":"first","12":"instock","13":"sale","14":"taxable","15":"shipping-taxable","16":"purchasable","17":"product-type-variable"},"yoast_head":"<!-- This site is optimized with the Yoast SEO plugin v26.5 - https:\/\/yoast.com\/wordpress\/plugins\/seo\/ -->\n<title>PEDLA - CORE \/ LUNAAIR Maillot cycliste femme bleu marine - Susppiro<\/title>\n<meta name=\"robots\" content=\"index, follow, max-snippet:-1, max-image-preview:large, max-video-preview:-1\" \/>\n<link rel=\"canonical\" href=\"https:\/\/susppiro.com\/fr\/product\/vetements-pour-femmes\/maillot-feminin-fr\/pedla-core-lunaair-maillot-cycliste-femme-bleu-marine\/\" \/>\n<meta property=\"og:locale\" content=\"fr_FR\" \/>\n<meta property=\"og:type\" content=\"article\" \/>\n<meta property=\"og:title\" content=\"PEDLA - CORE \/ LUNAAIR Maillot cycliste femme bleu marine - Susppiro\" \/>\n<meta property=\"og:description\" content=\"Short Ma Lunaair T -Shirt pour les femmes\" \/>\n<meta property=\"og:url\" content=\"https:\/\/susppiro.com\/fr\/product\/vetements-pour-femmes\/maillot-feminin-fr\/pedla-core-lunaair-maillot-cycliste-femme-bleu-marine\/\" \/>\n<meta property=\"og:site_name\" content=\"Susppiro\" \/>\n<meta property=\"article:modified_time\" content=\"2025-05-16T09:54:40+00:00\" \/>\n<meta property=\"og:image\" content=\"https:\/\/susppiro.com\/wp-content\/uploads\/2025\/03\/navy-womens-core-jersey.webp\" \/>\n\t<meta property=\"og:image:width\" content=\"1000\" \/>\n\t<meta property=\"og:image:height\" content=\"1250\" \/>\n\t<meta property=\"og:image:type\" content=\"image\/webp\" \/>\n<meta name=\"twitter:card\" content=\"summary_large_image\" \/>\n<script type=\"application\/ld+json\" class=\"yoast-schema-graph\">{\"@context\":\"https:\/\/schema.org\",\"@graph\":[{\"@type\":\"WebPage\",\"@id\":\"https:\/\/susppiro.com\/fr\/product\/vetements-pour-femmes\/maillot-feminin-fr\/pedla-core-lunaair-maillot-cycliste-femme-bleu-marine\/\",\"url\":\"https:\/\/susppiro.com\/fr\/product\/vetements-pour-femmes\/maillot-feminin-fr\/pedla-core-lunaair-maillot-cycliste-femme-bleu-marine\/\",\"name\":\"PEDLA - CORE \/ LUNAAIR Maillot cycliste femme bleu marine - Susppiro\",\"isPartOf\":{\"@id\":\"https:\/\/susppiro.com\/fr\/#website\"},\"primaryImageOfPage\":{\"@id\":\"https:\/\/susppiro.com\/fr\/product\/vetements-pour-femmes\/maillot-feminin-fr\/pedla-core-lunaair-maillot-cycliste-femme-bleu-marine\/#primaryimage\"},\"image\":{\"@id\":\"https:\/\/susppiro.com\/fr\/product\/vetements-pour-femmes\/maillot-feminin-fr\/pedla-core-lunaair-maillot-cycliste-femme-bleu-marine\/#primaryimage\"},\"thumbnailUrl\":\"https:\/\/susppiro.com\/wp-content\/uploads\/2025\/03\/navy-womens-core-jersey.webp\",\"datePublished\":\"2025-03-11T12:52:22+00:00\",\"dateModified\":\"2025-05-16T09:54:40+00:00\",\"breadcrumb\":{\"@id\":\"https:\/\/susppiro.com\/fr\/product\/vetements-pour-femmes\/maillot-feminin-fr\/pedla-core-lunaair-maillot-cycliste-femme-bleu-marine\/#breadcrumb\"},\"inLanguage\":\"fr-FR\",\"potentialAction\":[{\"@type\":\"ReadAction\",\"target\":[\"https:\/\/susppiro.com\/fr\/product\/vetements-pour-femmes\/maillot-feminin-fr\/pedla-core-lunaair-maillot-cycliste-femme-bleu-marine\/\"]}]},{\"@type\":\"ImageObject\",\"inLanguage\":\"fr-FR\",\"@id\":\"https:\/\/susppiro.com\/fr\/product\/vetements-pour-femmes\/maillot-feminin-fr\/pedla-core-lunaair-maillot-cycliste-femme-bleu-marine\/#primaryimage\",\"url\":\"https:\/\/susppiro.com\/wp-content\/uploads\/2025\/03\/navy-womens-core-jersey.webp\",\"contentUrl\":\"https:\/\/susppiro.com\/wp-content\/uploads\/2025\/03\/navy-womens-core-jersey.webp\",\"width\":1000,\"height\":1250},{\"@type\":\"BreadcrumbList\",\"@id\":\"https:\/\/susppiro.com\/fr\/product\/vetements-pour-femmes\/maillot-feminin-fr\/pedla-core-lunaair-maillot-cycliste-femme-bleu-marine\/#breadcrumb\",\"itemListElement\":[{\"@type\":\"ListItem\",\"position\":1,\"name\":\"Portada\",\"item\":\"https:\/\/susppiro.com\/fr\/\"},{\"@type\":\"ListItem\",\"position\":2,\"name\":\"Boutique\",\"item\":\"https:\/\/susppiro.com\/fr\/boutique\/\"},{\"@type\":\"ListItem\",\"position\":3,\"name\":\"PEDLA &#8211; CORE \/ LUNAAIR Maillot cycliste femme bleu marine\"}]},{\"@type\":\"WebSite\",\"@id\":\"https:\/\/susppiro.com\/fr\/#website\",\"url\":\"https:\/\/susppiro.com\/fr\/\",\"name\":\"Susppiro Shop\",\"description\":\"Tienda online de moda y complementos\",\"publisher\":{\"@id\":\"https:\/\/susppiro.com\/fr\/#organization\"},\"potentialAction\":[{\"@type\":\"SearchAction\",\"target\":{\"@type\":\"EntryPoint\",\"urlTemplate\":\"https:\/\/susppiro.com\/fr\/?s={search_term_string}\"},\"query-input\":{\"@type\":\"PropertyValueSpecification\",\"valueRequired\":true,\"valueName\":\"search_term_string\"}}],\"inLanguage\":\"fr-FR\"},{\"@type\":\"Organization\",\"@id\":\"https:\/\/susppiro.com\/fr\/#organization\",\"name\":\"Pappiro CB\",\"url\":\"https:\/\/susppiro.com\/fr\/\",\"logo\":{\"@type\":\"ImageObject\",\"inLanguage\":\"fr-FR\",\"@id\":\"https:\/\/susppiro.com\/fr\/#\/schema\/logo\/image\/\",\"url\":\"https:\/\/susppiro.com\/wp-content\/uploads\/2025\/03\/Logo-Susppiro-Negro.svg\",\"contentUrl\":\"https:\/\/susppiro.com\/wp-content\/uploads\/2025\/03\/Logo-Susppiro-Negro.svg\",\"width\":1,\"height\":1,\"caption\":\"Pappiro CB\"},\"image\":{\"@id\":\"https:\/\/susppiro.com\/fr\/#\/schema\/logo\/image\/\"}}]}<\/script>\n<!-- \/ Yoast SEO plugin. -->","yoast_head_json":{"title":"PEDLA - CORE \/ LUNAAIR Maillot cycliste femme bleu marine - Susppiro","robots":{"index":"index","follow":"follow","max-snippet":"max-snippet:-1","max-image-preview":"max-image-preview:large","max-video-preview":"max-video-preview:-1"},"canonical":"https:\/\/susppiro.com\/fr\/product\/vetements-pour-femmes\/maillot-feminin-fr\/pedla-core-lunaair-maillot-cycliste-femme-bleu-marine\/","og_locale":"fr_FR","og_type":"article","og_title":"PEDLA - CORE \/ LUNAAIR Maillot cycliste femme bleu marine - Susppiro","og_description":"Short Ma Lunaair T -Shirt pour les femmes","og_url":"https:\/\/susppiro.com\/fr\/product\/vetements-pour-femmes\/maillot-feminin-fr\/pedla-core-lunaair-maillot-cycliste-femme-bleu-marine\/","og_site_name":"Susppiro","article_modified_time":"2025-05-16T09:54:40+00:00","og_image":[{"width":1000,"height":1250,"url":"https:\/\/susppiro.com\/wp-content\/uploads\/2025\/03\/navy-womens-core-jersey.webp","type":"image\/webp"}],"twitter_card":"summary_large_image","schema":{"@context":"https:\/\/schema.org","@graph":[{"@type":"WebPage","@id":"https:\/\/susppiro.com\/fr\/product\/vetements-pour-femmes\/maillot-feminin-fr\/pedla-core-lunaair-maillot-cycliste-femme-bleu-marine\/","url":"https:\/\/susppiro.com\/fr\/product\/vetements-pour-femmes\/maillot-feminin-fr\/pedla-core-lunaair-maillot-cycliste-femme-bleu-marine\/","name":"PEDLA - CORE \/ LUNAAIR Maillot cycliste femme bleu marine - Susppiro","isPartOf":{"@id":"https:\/\/susppiro.com\/fr\/#website"},"primaryImageOfPage":{"@id":"https:\/\/susppiro.com\/fr\/product\/vetements-pour-femmes\/maillot-feminin-fr\/pedla-core-lunaair-maillot-cycliste-femme-bleu-marine\/#primaryimage"},"image":{"@id":"https:\/\/susppiro.com\/fr\/product\/vetements-pour-femmes\/maillot-feminin-fr\/pedla-core-lunaair-maillot-cycliste-femme-bleu-marine\/#primaryimage"},"thumbnailUrl":"https:\/\/susppiro.com\/wp-content\/uploads\/2025\/03\/navy-womens-core-jersey.webp","datePublished":"2025-03-11T12:52:22+00:00","dateModified":"2025-05-16T09:54:40+00:00","breadcrumb":{"@id":"https:\/\/susppiro.com\/fr\/product\/vetements-pour-femmes\/maillot-feminin-fr\/pedla-core-lunaair-maillot-cycliste-femme-bleu-marine\/#breadcrumb"},"inLanguage":"fr-FR","potentialAction":[{"@type":"ReadAction","target":["https:\/\/susppiro.com\/fr\/product\/vetements-pour-femmes\/maillot-feminin-fr\/pedla-core-lunaair-maillot-cycliste-femme-bleu-marine\/"]}]},{"@type":"ImageObject","inLanguage":"fr-FR","@id":"https:\/\/susppiro.com\/fr\/product\/vetements-pour-femmes\/maillot-feminin-fr\/pedla-core-lunaair-maillot-cycliste-femme-bleu-marine\/#primaryimage","url":"https:\/\/susppiro.com\/wp-content\/uploads\/2025\/03\/navy-womens-core-jersey.webp","contentUrl":"https:\/\/susppiro.com\/wp-content\/uploads\/2025\/03\/navy-womens-core-jersey.webp","width":1000,"height":1250},{"@type":"BreadcrumbList","@id":"https:\/\/susppiro.com\/fr\/product\/vetements-pour-femmes\/maillot-feminin-fr\/pedla-core-lunaair-maillot-cycliste-femme-bleu-marine\/#breadcrumb","itemListElement":[{"@type":"ListItem","position":1,"name":"Portada","item":"https:\/\/susppiro.com\/fr\/"},{"@type":"ListItem","position":2,"name":"Boutique","item":"https:\/\/susppiro.com\/fr\/boutique\/"},{"@type":"ListItem","position":3,"name":"PEDLA &#8211; CORE \/ LUNAAIR Maillot cycliste femme bleu marine"}]},{"@type":"WebSite","@id":"https:\/\/susppiro.com\/fr\/#website","url":"https:\/\/susppiro.com\/fr\/","name":"Susppiro Shop","description":"Tienda online de moda y complementos","publisher":{"@id":"https:\/\/susppiro.com\/fr\/#organization"},"potentialAction":[{"@type":"SearchAction","target":{"@type":"EntryPoint","urlTemplate":"https:\/\/susppiro.com\/fr\/?s={search_term_string}"},"query-input":{"@type":"PropertyValueSpecification","valueRequired":true,"valueName":"search_term_string"}}],"inLanguage":"fr-FR"},{"@type":"Organization","@id":"https:\/\/susppiro.com\/fr\/#organization","name":"Pappiro CB","url":"https:\/\/susppiro.com\/fr\/","logo":{"@type":"ImageObject","inLanguage":"fr-FR","@id":"https:\/\/susppiro.com\/fr\/#\/schema\/logo\/image\/","url":"https:\/\/susppiro.com\/wp-content\/uploads\/2025\/03\/Logo-Susppiro-Negro.svg","contentUrl":"https:\/\/susppiro.com\/wp-content\/uploads\/2025\/03\/Logo-Susppiro-Negro.svg","width":1,"height":1,"caption":"Pappiro CB"},"image":{"@id":"https:\/\/susppiro.com\/fr\/#\/schema\/logo\/image\/"}}]}},"_links":{"self":[{"href":"https:\/\/susppiro.com\/fr\/wp-json\/wp\/v2\/product\/164841","targetHints":{"allow":["GET"]}}],"collection":[{"href":"https:\/\/susppiro.com\/fr\/wp-json\/wp\/v2\/product"}],"about":[{"href":"https:\/\/susppiro.com\/fr\/wp-json\/wp\/v2\/types\/product"}],"wp:featuredmedia":[{"embeddable":true,"href":"https:\/\/susppiro.com\/fr\/wp-json\/wp\/v2\/media\/155761"}],"wp:attachment":[{"href":"https:\/\/susppiro.com\/fr\/wp-json\/wp\/v2\/media?parent=164841"}],"wp:term":[{"taxonomy":"product_brand","embeddable":true,"href":"https:\/\/susppiro.com\/fr\/wp-json\/wp\/v2\/product_brand?post=164841"},{"taxonomy":"product_cat","embeddable":true,"href":"https:\/\/susppiro.com\/fr\/wp-json\/wp\/v2\/product_cat?post=164841"},{"taxonomy":"product_tag","embeddable":true,"href":"https:\/\/susppiro.com\/fr\/wp-json\/wp\/v2\/product_tag?post=164841"}],"curies":[{"name":"wp","href":"https:\/\/api.w.org\/{rel}","templated":true}]}}