{"id":164787,"date":"2025-03-11T13:52:39","date_gmt":"2025-03-11T12:52:39","guid":{"rendered":"https:\/\/susppiro.com\/non%20class\u00e9\/pedla-plaid-flyt-mailot-cycling-woman-navy-blue\/"},"modified":"2025-05-16T11:54:18","modified_gmt":"2025-05-16T09:54:18","slug":"pedla-plaid-flyt-mailot-cycling-woman-navy-blue","status":"publish","type":"product","link":"https:\/\/susppiro.com\/fr\/product\/vetements-pour-femmes\/maillot-feminin-fr\/pedla-plaid-flyt-mailot-cycling-woman-navy-blue\/","title":{"rendered":"Pedla &#8211; Plaid \/ Flyt Mailot Cycling Woman Navy Blue"},"content":{"rendered":"<p>Osez avec des sorties t\u00f4t le matin ou avec une grande vitesse avec notre nouveau gilet Gilet Flyt. Conception intelligente, pratique et fonctionnelle que ce gilet l\u00e9ger et facile-transport apporte. La l\u00e9g\u00e8ret\u00e9 offerte par le tissu noir pr\u00e9-enseign\u00e9, Winttex\u00ae, vous fait vous sentir soutenu contre le vent et son action de cisaillement.<br \/>\nUne poche \u00e0 glissi\u00e8re arri\u00e8re vous permet de s\u00e9curiser vos objets de valeur en toute s\u00e9curit\u00e9 &#8211; un \u00e9l\u00e9ment essentiel pour le cycliste qui n&#8217;arr\u00eate pas de p\u00e9daler. Non seulement c&#8217;est aussi la s\u00e9curit\u00e9. intelligent. Soyez visible avec de grands d\u00e9tails r\u00e9fl\u00e9chissants \u00e0 venir et derri\u00e8re la main de la firme Pedla.<br \/>\nTabriques de microfibre italien 100% poitrine et dos de type vent. Trous \u00e9lastiques dans les bras. Cl\u00f4ture avec Twist Ykk Zipper. Poche arri\u00e8re avec fermeture \u00e9clair. Bande r\u00e9fl\u00e9chissante arri\u00e8re 3M Scotchlite. P\u00e9dla Silicone Grips<\/p>\n","protected":false},"excerpt":{"rendered":"<p>La l\u00e9g\u00e8ret\u00e9 offerte par le tissu pr\u00e9-enseign\u00e9 Winttex\u00ae<\/p>\n","protected":false},"featured_media":155778,"template":"","meta":[],"product_brand":[199],"product_cat":[362,381],"product_tag":[364],"class_list":{"0":"post-164787","1":"product","2":"type-product","3":"status-publish","4":"has-post-thumbnail","6":"product_brand-pedla","7":"product_cat-vetements-pour-femmes","8":"product_cat-maillot-feminin","9":"product_tag-velo","11":"first","12":"instock","13":"sale","14":"taxable","15":"shipping-taxable","16":"purchasable","17":"product-type-variable"},"yoast_head":"<!-- This site is optimized with the Yoast SEO plugin v26.5 - https:\/\/yoast.com\/wordpress\/plugins\/seo\/ -->\n<title>Pedla - Plaid \/ Flyt Mailot Cycling Woman Navy Blue - Susppiro<\/title>\n<meta name=\"robots\" content=\"index, follow, max-snippet:-1, max-image-preview:large, max-video-preview:-1\" \/>\n<link rel=\"canonical\" href=\"https:\/\/susppiro.com\/fr\/product\/vetements-pour-femmes\/maillot-feminin-fr\/pedla-plaid-flyt-mailot-cycling-woman-navy-blue\/\" \/>\n<meta property=\"og:locale\" content=\"fr_FR\" \/>\n<meta property=\"og:type\" content=\"article\" \/>\n<meta property=\"og:title\" content=\"Pedla - Plaid \/ Flyt Mailot Cycling Woman Navy Blue - Susppiro\" \/>\n<meta property=\"og:description\" content=\"La l\u00e9g\u00e8ret\u00e9 offerte par le tissu pr\u00e9-enseign\u00e9 Winttex\u00ae\" \/>\n<meta property=\"og:url\" content=\"https:\/\/susppiro.com\/fr\/product\/vetements-pour-femmes\/maillot-feminin-fr\/pedla-plaid-flyt-mailot-cycling-woman-navy-blue\/\" \/>\n<meta property=\"og:site_name\" content=\"Susppiro\" \/>\n<meta property=\"article:modified_time\" content=\"2025-05-16T09:54:18+00:00\" \/>\n<meta property=\"og:image\" content=\"https:\/\/susppiro.com\/wp-content\/uploads\/2025\/03\/womens-cross-flyt-gilets.webp\" \/>\n\t<meta property=\"og:image:width\" content=\"1000\" \/>\n\t<meta property=\"og:image:height\" content=\"1250\" \/>\n\t<meta property=\"og:image:type\" content=\"image\/webp\" \/>\n<meta name=\"twitter:card\" content=\"summary_large_image\" \/>\n<meta name=\"twitter:label1\" content=\"Dur\u00e9e de lecture estim\u00e9e\" \/>\n\t<meta name=\"twitter:data1\" content=\"1 minute\" \/>\n<script type=\"application\/ld+json\" class=\"yoast-schema-graph\">{\"@context\":\"https:\/\/schema.org\",\"@graph\":[{\"@type\":\"WebPage\",\"@id\":\"https:\/\/susppiro.com\/fr\/product\/vetements-pour-femmes\/maillot-feminin-fr\/pedla-plaid-flyt-mailot-cycling-woman-navy-blue\/\",\"url\":\"https:\/\/susppiro.com\/fr\/product\/vetements-pour-femmes\/maillot-feminin-fr\/pedla-plaid-flyt-mailot-cycling-woman-navy-blue\/\",\"name\":\"Pedla - Plaid \/ Flyt Mailot Cycling Woman Navy Blue - Susppiro\",\"isPartOf\":{\"@id\":\"https:\/\/susppiro.com\/fr\/#website\"},\"primaryImageOfPage\":{\"@id\":\"https:\/\/susppiro.com\/fr\/product\/vetements-pour-femmes\/maillot-feminin-fr\/pedla-plaid-flyt-mailot-cycling-woman-navy-blue\/#primaryimage\"},\"image\":{\"@id\":\"https:\/\/susppiro.com\/fr\/product\/vetements-pour-femmes\/maillot-feminin-fr\/pedla-plaid-flyt-mailot-cycling-woman-navy-blue\/#primaryimage\"},\"thumbnailUrl\":\"https:\/\/susppiro.com\/wp-content\/uploads\/2025\/03\/womens-cross-flyt-gilets.webp\",\"datePublished\":\"2025-03-11T12:52:39+00:00\",\"dateModified\":\"2025-05-16T09:54:18+00:00\",\"breadcrumb\":{\"@id\":\"https:\/\/susppiro.com\/fr\/product\/vetements-pour-femmes\/maillot-feminin-fr\/pedla-plaid-flyt-mailot-cycling-woman-navy-blue\/#breadcrumb\"},\"inLanguage\":\"fr-FR\",\"potentialAction\":[{\"@type\":\"ReadAction\",\"target\":[\"https:\/\/susppiro.com\/fr\/product\/vetements-pour-femmes\/maillot-feminin-fr\/pedla-plaid-flyt-mailot-cycling-woman-navy-blue\/\"]}]},{\"@type\":\"ImageObject\",\"inLanguage\":\"fr-FR\",\"@id\":\"https:\/\/susppiro.com\/fr\/product\/vetements-pour-femmes\/maillot-feminin-fr\/pedla-plaid-flyt-mailot-cycling-woman-navy-blue\/#primaryimage\",\"url\":\"https:\/\/susppiro.com\/wp-content\/uploads\/2025\/03\/womens-cross-flyt-gilets.webp\",\"contentUrl\":\"https:\/\/susppiro.com\/wp-content\/uploads\/2025\/03\/womens-cross-flyt-gilets.webp\",\"width\":1000,\"height\":1250},{\"@type\":\"BreadcrumbList\",\"@id\":\"https:\/\/susppiro.com\/fr\/product\/vetements-pour-femmes\/maillot-feminin-fr\/pedla-plaid-flyt-mailot-cycling-woman-navy-blue\/#breadcrumb\",\"itemListElement\":[{\"@type\":\"ListItem\",\"position\":1,\"name\":\"Portada\",\"item\":\"https:\/\/susppiro.com\/fr\/\"},{\"@type\":\"ListItem\",\"position\":2,\"name\":\"Boutique\",\"item\":\"https:\/\/susppiro.com\/fr\/boutique\/\"},{\"@type\":\"ListItem\",\"position\":3,\"name\":\"Pedla &#8211; Plaid \/ Flyt Mailot Cycling Woman Navy Blue\"}]},{\"@type\":\"WebSite\",\"@id\":\"https:\/\/susppiro.com\/fr\/#website\",\"url\":\"https:\/\/susppiro.com\/fr\/\",\"name\":\"Susppiro Shop\",\"description\":\"Tienda online de moda y complementos\",\"publisher\":{\"@id\":\"https:\/\/susppiro.com\/fr\/#organization\"},\"potentialAction\":[{\"@type\":\"SearchAction\",\"target\":{\"@type\":\"EntryPoint\",\"urlTemplate\":\"https:\/\/susppiro.com\/fr\/?s={search_term_string}\"},\"query-input\":{\"@type\":\"PropertyValueSpecification\",\"valueRequired\":true,\"valueName\":\"search_term_string\"}}],\"inLanguage\":\"fr-FR\"},{\"@type\":\"Organization\",\"@id\":\"https:\/\/susppiro.com\/fr\/#organization\",\"name\":\"Pappiro CB\",\"url\":\"https:\/\/susppiro.com\/fr\/\",\"logo\":{\"@type\":\"ImageObject\",\"inLanguage\":\"fr-FR\",\"@id\":\"https:\/\/susppiro.com\/fr\/#\/schema\/logo\/image\/\",\"url\":\"https:\/\/susppiro.com\/wp-content\/uploads\/2025\/03\/Logo-Susppiro-Negro.svg\",\"contentUrl\":\"https:\/\/susppiro.com\/wp-content\/uploads\/2025\/03\/Logo-Susppiro-Negro.svg\",\"width\":1,\"height\":1,\"caption\":\"Pappiro CB\"},\"image\":{\"@id\":\"https:\/\/susppiro.com\/fr\/#\/schema\/logo\/image\/\"}}]}<\/script>\n<!-- \/ Yoast SEO plugin. -->","yoast_head_json":{"title":"Pedla - Plaid \/ Flyt Mailot Cycling Woman Navy Blue - Susppiro","robots":{"index":"index","follow":"follow","max-snippet":"max-snippet:-1","max-image-preview":"max-image-preview:large","max-video-preview":"max-video-preview:-1"},"canonical":"https:\/\/susppiro.com\/fr\/product\/vetements-pour-femmes\/maillot-feminin-fr\/pedla-plaid-flyt-mailot-cycling-woman-navy-blue\/","og_locale":"fr_FR","og_type":"article","og_title":"Pedla - Plaid \/ Flyt Mailot Cycling Woman Navy Blue - Susppiro","og_description":"La l\u00e9g\u00e8ret\u00e9 offerte par le tissu pr\u00e9-enseign\u00e9 Winttex\u00ae","og_url":"https:\/\/susppiro.com\/fr\/product\/vetements-pour-femmes\/maillot-feminin-fr\/pedla-plaid-flyt-mailot-cycling-woman-navy-blue\/","og_site_name":"Susppiro","article_modified_time":"2025-05-16T09:54:18+00:00","og_image":[{"width":1000,"height":1250,"url":"https:\/\/susppiro.com\/wp-content\/uploads\/2025\/03\/womens-cross-flyt-gilets.webp","type":"image\/webp"}],"twitter_card":"summary_large_image","twitter_misc":{"Dur\u00e9e de lecture estim\u00e9e":"1 minute"},"schema":{"@context":"https:\/\/schema.org","@graph":[{"@type":"WebPage","@id":"https:\/\/susppiro.com\/fr\/product\/vetements-pour-femmes\/maillot-feminin-fr\/pedla-plaid-flyt-mailot-cycling-woman-navy-blue\/","url":"https:\/\/susppiro.com\/fr\/product\/vetements-pour-femmes\/maillot-feminin-fr\/pedla-plaid-flyt-mailot-cycling-woman-navy-blue\/","name":"Pedla - Plaid \/ Flyt Mailot Cycling Woman Navy Blue - Susppiro","isPartOf":{"@id":"https:\/\/susppiro.com\/fr\/#website"},"primaryImageOfPage":{"@id":"https:\/\/susppiro.com\/fr\/product\/vetements-pour-femmes\/maillot-feminin-fr\/pedla-plaid-flyt-mailot-cycling-woman-navy-blue\/#primaryimage"},"image":{"@id":"https:\/\/susppiro.com\/fr\/product\/vetements-pour-femmes\/maillot-feminin-fr\/pedla-plaid-flyt-mailot-cycling-woman-navy-blue\/#primaryimage"},"thumbnailUrl":"https:\/\/susppiro.com\/wp-content\/uploads\/2025\/03\/womens-cross-flyt-gilets.webp","datePublished":"2025-03-11T12:52:39+00:00","dateModified":"2025-05-16T09:54:18+00:00","breadcrumb":{"@id":"https:\/\/susppiro.com\/fr\/product\/vetements-pour-femmes\/maillot-feminin-fr\/pedla-plaid-flyt-mailot-cycling-woman-navy-blue\/#breadcrumb"},"inLanguage":"fr-FR","potentialAction":[{"@type":"ReadAction","target":["https:\/\/susppiro.com\/fr\/product\/vetements-pour-femmes\/maillot-feminin-fr\/pedla-plaid-flyt-mailot-cycling-woman-navy-blue\/"]}]},{"@type":"ImageObject","inLanguage":"fr-FR","@id":"https:\/\/susppiro.com\/fr\/product\/vetements-pour-femmes\/maillot-feminin-fr\/pedla-plaid-flyt-mailot-cycling-woman-navy-blue\/#primaryimage","url":"https:\/\/susppiro.com\/wp-content\/uploads\/2025\/03\/womens-cross-flyt-gilets.webp","contentUrl":"https:\/\/susppiro.com\/wp-content\/uploads\/2025\/03\/womens-cross-flyt-gilets.webp","width":1000,"height":1250},{"@type":"BreadcrumbList","@id":"https:\/\/susppiro.com\/fr\/product\/vetements-pour-femmes\/maillot-feminin-fr\/pedla-plaid-flyt-mailot-cycling-woman-navy-blue\/#breadcrumb","itemListElement":[{"@type":"ListItem","position":1,"name":"Portada","item":"https:\/\/susppiro.com\/fr\/"},{"@type":"ListItem","position":2,"name":"Boutique","item":"https:\/\/susppiro.com\/fr\/boutique\/"},{"@type":"ListItem","position":3,"name":"Pedla &#8211; Plaid \/ Flyt Mailot Cycling Woman Navy Blue"}]},{"@type":"WebSite","@id":"https:\/\/susppiro.com\/fr\/#website","url":"https:\/\/susppiro.com\/fr\/","name":"Susppiro Shop","description":"Tienda online de moda y complementos","publisher":{"@id":"https:\/\/susppiro.com\/fr\/#organization"},"potentialAction":[{"@type":"SearchAction","target":{"@type":"EntryPoint","urlTemplate":"https:\/\/susppiro.com\/fr\/?s={search_term_string}"},"query-input":{"@type":"PropertyValueSpecification","valueRequired":true,"valueName":"search_term_string"}}],"inLanguage":"fr-FR"},{"@type":"Organization","@id":"https:\/\/susppiro.com\/fr\/#organization","name":"Pappiro CB","url":"https:\/\/susppiro.com\/fr\/","logo":{"@type":"ImageObject","inLanguage":"fr-FR","@id":"https:\/\/susppiro.com\/fr\/#\/schema\/logo\/image\/","url":"https:\/\/susppiro.com\/wp-content\/uploads\/2025\/03\/Logo-Susppiro-Negro.svg","contentUrl":"https:\/\/susppiro.com\/wp-content\/uploads\/2025\/03\/Logo-Susppiro-Negro.svg","width":1,"height":1,"caption":"Pappiro CB"},"image":{"@id":"https:\/\/susppiro.com\/fr\/#\/schema\/logo\/image\/"}}]}},"_links":{"self":[{"href":"https:\/\/susppiro.com\/fr\/wp-json\/wp\/v2\/product\/164787","targetHints":{"allow":["GET"]}}],"collection":[{"href":"https:\/\/susppiro.com\/fr\/wp-json\/wp\/v2\/product"}],"about":[{"href":"https:\/\/susppiro.com\/fr\/wp-json\/wp\/v2\/types\/product"}],"wp:featuredmedia":[{"embeddable":true,"href":"https:\/\/susppiro.com\/fr\/wp-json\/wp\/v2\/media\/155778"}],"wp:attachment":[{"href":"https:\/\/susppiro.com\/fr\/wp-json\/wp\/v2\/media?parent=164787"}],"wp:term":[{"taxonomy":"product_brand","embeddable":true,"href":"https:\/\/susppiro.com\/fr\/wp-json\/wp\/v2\/product_brand?post=164787"},{"taxonomy":"product_cat","embeddable":true,"href":"https:\/\/susppiro.com\/fr\/wp-json\/wp\/v2\/product_cat?post=164787"},{"taxonomy":"product_tag","embeddable":true,"href":"https:\/\/susppiro.com\/fr\/wp-json\/wp\/v2\/product_tag?post=164787"}],"curies":[{"name":"wp","href":"https:\/\/api.w.org\/{rel}","templated":true}]}}