{"id":166420,"date":"2025-03-11T13:49:23","date_gmt":"2025-03-11T12:49:23","guid":{"rendered":"https:\/\/susppiro.com\/unkategorisiert\/7meh-m-corsa-softshell-mailot-cycling-man\/"},"modified":"2025-03-11T13:49:23","modified_gmt":"2025-03-11T12:49:23","slug":"7meh-m-corsa-softshell-mailot-cycling-man","status":"publish","type":"product","link":"https:\/\/susppiro.com\/de\/product\/nicht-kategorisiert-de\/7meh-m-corsa-softshell-mailot-cycling-man\/","title":{"rendered":"7MEH &#8211; M Corsa Softshell Mailot Cycling Man"},"content":{"rendered":"<p>Das Corsa Softshell -Trikot ist gegen Wind und sehr atmungsaktiv und perfekt zum Schutz vor Verwitterung. Die Goretex-Knit-St\u00fctze ist isolierend und sehr leicht. Mit breiten Taschen f\u00fcr Winterhandschuhe vermeidet das verl\u00e4ngerte Heck auch die Spritzer der R\u00e4der.<\/p>\n<p>Eigenschaften:<\/p>\n<p> \tVislon Front Rei\u00dfverschluss<br \/>\n \tZwei gro\u00dfe Volumen -Hecktaschen mit Laserschneidentw\u00e4sserungsl\u00f6chern<br \/>\n \tH\u00f6lle mit reflektierenden Details<br \/>\n \tMikroelastische N\u00e4hte mit Klebeband<br \/>\n \tWeich geb\u00fcrstete Halskette und Kinnschutz<\/p>\n","protected":false},"excerpt":{"rendered":"<p>Das leichteste und leichte Jersey -Antilluvien erh\u00e4ltlich!<\/p>\n","protected":false},"featured_media":155708,"template":"","meta":[],"product_brand":[198],"product_cat":[286],"product_tag":[],"class_list":{"0":"post-166420","1":"product","2":"type-product","3":"status-publish","4":"has-post-thumbnail","6":"product_brand-7mesh","7":"product_cat-nicht-kategorisiert","9":"first","10":"instock","11":"sale","12":"taxable","13":"shipping-taxable","14":"purchasable","15":"product-type-variable"},"yoast_head":"<!-- This site is optimized with the Yoast SEO plugin v26.5 - https:\/\/yoast.com\/wordpress\/plugins\/seo\/ -->\n<title>7MEH - M Corsa Softshell Mailot Cycling Man - Susppiro<\/title>\n<meta name=\"robots\" content=\"index, follow, max-snippet:-1, max-image-preview:large, max-video-preview:-1\" \/>\n<link rel=\"canonical\" href=\"https:\/\/susppiro.com\/de\/product\/nicht-kategorisiert-de\/7meh-m-corsa-softshell-mailot-cycling-man\/\" \/>\n<meta property=\"og:locale\" content=\"de_DE\" \/>\n<meta property=\"og:type\" content=\"article\" \/>\n<meta property=\"og:title\" content=\"7MEH - M Corsa Softshell Mailot Cycling Man - Susppiro\" \/>\n<meta property=\"og:description\" content=\"Das leichteste und leichte Jersey -Antilluvien erh\u00e4ltlich!\" \/>\n<meta property=\"og:url\" content=\"https:\/\/susppiro.com\/de\/product\/nicht-kategorisiert-de\/7meh-m-corsa-softshell-mailot-cycling-man\/\" \/>\n<meta property=\"og:site_name\" content=\"Susppiro\" \/>\n<meta property=\"og:image\" content=\"https:\/\/susppiro.com\/wp-content\/uploads\/2025\/03\/F18_7mesh_CorsaJersey_Black_Front_web.webp\" \/>\n\t<meta property=\"og:image:width\" content=\"1000\" \/>\n\t<meta property=\"og:image:height\" content=\"1250\" \/>\n\t<meta property=\"og:image:type\" content=\"image\/webp\" \/>\n<meta name=\"twitter:card\" content=\"summary_large_image\" \/>\n<script type=\"application\/ld+json\" class=\"yoast-schema-graph\">{\"@context\":\"https:\/\/schema.org\",\"@graph\":[{\"@type\":\"WebPage\",\"@id\":\"https:\/\/susppiro.com\/de\/product\/nicht-kategorisiert-de\/7meh-m-corsa-softshell-mailot-cycling-man\/\",\"url\":\"https:\/\/susppiro.com\/de\/product\/nicht-kategorisiert-de\/7meh-m-corsa-softshell-mailot-cycling-man\/\",\"name\":\"7MEH - M Corsa Softshell Mailot Cycling Man - Susppiro\",\"isPartOf\":{\"@id\":\"https:\/\/susppiro.com\/de\/#website\"},\"primaryImageOfPage\":{\"@id\":\"https:\/\/susppiro.com\/de\/product\/nicht-kategorisiert-de\/7meh-m-corsa-softshell-mailot-cycling-man\/#primaryimage\"},\"image\":{\"@id\":\"https:\/\/susppiro.com\/de\/product\/nicht-kategorisiert-de\/7meh-m-corsa-softshell-mailot-cycling-man\/#primaryimage\"},\"thumbnailUrl\":\"https:\/\/susppiro.com\/wp-content\/uploads\/2025\/03\/F18_7mesh_CorsaJersey_Black_Front_web.webp\",\"datePublished\":\"2025-03-11T12:49:23+00:00\",\"breadcrumb\":{\"@id\":\"https:\/\/susppiro.com\/de\/product\/nicht-kategorisiert-de\/7meh-m-corsa-softshell-mailot-cycling-man\/#breadcrumb\"},\"inLanguage\":\"de\",\"potentialAction\":[{\"@type\":\"ReadAction\",\"target\":[\"https:\/\/susppiro.com\/de\/product\/nicht-kategorisiert-de\/7meh-m-corsa-softshell-mailot-cycling-man\/\"]}]},{\"@type\":\"ImageObject\",\"inLanguage\":\"de\",\"@id\":\"https:\/\/susppiro.com\/de\/product\/nicht-kategorisiert-de\/7meh-m-corsa-softshell-mailot-cycling-man\/#primaryimage\",\"url\":\"https:\/\/susppiro.com\/wp-content\/uploads\/2025\/03\/F18_7mesh_CorsaJersey_Black_Front_web.webp\",\"contentUrl\":\"https:\/\/susppiro.com\/wp-content\/uploads\/2025\/03\/F18_7mesh_CorsaJersey_Black_Front_web.webp\",\"width\":1000,\"height\":1250},{\"@type\":\"BreadcrumbList\",\"@id\":\"https:\/\/susppiro.com\/de\/product\/nicht-kategorisiert-de\/7meh-m-corsa-softshell-mailot-cycling-man\/#breadcrumb\",\"itemListElement\":[{\"@type\":\"ListItem\",\"position\":1,\"name\":\"Portada\",\"item\":\"https:\/\/susppiro.com\/de\/\"},{\"@type\":\"ListItem\",\"position\":2,\"name\":\"Shop\",\"item\":\"https:\/\/susppiro.com\/de\/shop\/\"},{\"@type\":\"ListItem\",\"position\":3,\"name\":\"7MEH &#8211; M Corsa Softshell Mailot Cycling Man\"}]},{\"@type\":\"WebSite\",\"@id\":\"https:\/\/susppiro.com\/de\/#website\",\"url\":\"https:\/\/susppiro.com\/de\/\",\"name\":\"Susppiro Shop\",\"description\":\"Tienda online de moda y complementos\",\"publisher\":{\"@id\":\"https:\/\/susppiro.com\/de\/#organization\"},\"potentialAction\":[{\"@type\":\"SearchAction\",\"target\":{\"@type\":\"EntryPoint\",\"urlTemplate\":\"https:\/\/susppiro.com\/de\/?s={search_term_string}\"},\"query-input\":{\"@type\":\"PropertyValueSpecification\",\"valueRequired\":true,\"valueName\":\"search_term_string\"}}],\"inLanguage\":\"de\"},{\"@type\":\"Organization\",\"@id\":\"https:\/\/susppiro.com\/de\/#organization\",\"name\":\"Pappiro CB\",\"url\":\"https:\/\/susppiro.com\/de\/\",\"logo\":{\"@type\":\"ImageObject\",\"inLanguage\":\"de\",\"@id\":\"https:\/\/susppiro.com\/de\/#\/schema\/logo\/image\/\",\"url\":\"https:\/\/susppiro.com\/wp-content\/uploads\/2025\/03\/Logo-Susppiro-Negro.svg\",\"contentUrl\":\"https:\/\/susppiro.com\/wp-content\/uploads\/2025\/03\/Logo-Susppiro-Negro.svg\",\"width\":1,\"height\":1,\"caption\":\"Pappiro CB\"},\"image\":{\"@id\":\"https:\/\/susppiro.com\/de\/#\/schema\/logo\/image\/\"}}]}<\/script>\n<!-- \/ Yoast SEO plugin. -->","yoast_head_json":{"title":"7MEH - M Corsa Softshell Mailot Cycling Man - Susppiro","robots":{"index":"index","follow":"follow","max-snippet":"max-snippet:-1","max-image-preview":"max-image-preview:large","max-video-preview":"max-video-preview:-1"},"canonical":"https:\/\/susppiro.com\/de\/product\/nicht-kategorisiert-de\/7meh-m-corsa-softshell-mailot-cycling-man\/","og_locale":"de_DE","og_type":"article","og_title":"7MEH - M Corsa Softshell Mailot Cycling Man - Susppiro","og_description":"Das leichteste und leichte Jersey -Antilluvien erh\u00e4ltlich!","og_url":"https:\/\/susppiro.com\/de\/product\/nicht-kategorisiert-de\/7meh-m-corsa-softshell-mailot-cycling-man\/","og_site_name":"Susppiro","og_image":[{"width":1000,"height":1250,"url":"https:\/\/susppiro.com\/wp-content\/uploads\/2025\/03\/F18_7mesh_CorsaJersey_Black_Front_web.webp","type":"image\/webp"}],"twitter_card":"summary_large_image","schema":{"@context":"https:\/\/schema.org","@graph":[{"@type":"WebPage","@id":"https:\/\/susppiro.com\/de\/product\/nicht-kategorisiert-de\/7meh-m-corsa-softshell-mailot-cycling-man\/","url":"https:\/\/susppiro.com\/de\/product\/nicht-kategorisiert-de\/7meh-m-corsa-softshell-mailot-cycling-man\/","name":"7MEH - M Corsa Softshell Mailot Cycling Man - Susppiro","isPartOf":{"@id":"https:\/\/susppiro.com\/de\/#website"},"primaryImageOfPage":{"@id":"https:\/\/susppiro.com\/de\/product\/nicht-kategorisiert-de\/7meh-m-corsa-softshell-mailot-cycling-man\/#primaryimage"},"image":{"@id":"https:\/\/susppiro.com\/de\/product\/nicht-kategorisiert-de\/7meh-m-corsa-softshell-mailot-cycling-man\/#primaryimage"},"thumbnailUrl":"https:\/\/susppiro.com\/wp-content\/uploads\/2025\/03\/F18_7mesh_CorsaJersey_Black_Front_web.webp","datePublished":"2025-03-11T12:49:23+00:00","breadcrumb":{"@id":"https:\/\/susppiro.com\/de\/product\/nicht-kategorisiert-de\/7meh-m-corsa-softshell-mailot-cycling-man\/#breadcrumb"},"inLanguage":"de","potentialAction":[{"@type":"ReadAction","target":["https:\/\/susppiro.com\/de\/product\/nicht-kategorisiert-de\/7meh-m-corsa-softshell-mailot-cycling-man\/"]}]},{"@type":"ImageObject","inLanguage":"de","@id":"https:\/\/susppiro.com\/de\/product\/nicht-kategorisiert-de\/7meh-m-corsa-softshell-mailot-cycling-man\/#primaryimage","url":"https:\/\/susppiro.com\/wp-content\/uploads\/2025\/03\/F18_7mesh_CorsaJersey_Black_Front_web.webp","contentUrl":"https:\/\/susppiro.com\/wp-content\/uploads\/2025\/03\/F18_7mesh_CorsaJersey_Black_Front_web.webp","width":1000,"height":1250},{"@type":"BreadcrumbList","@id":"https:\/\/susppiro.com\/de\/product\/nicht-kategorisiert-de\/7meh-m-corsa-softshell-mailot-cycling-man\/#breadcrumb","itemListElement":[{"@type":"ListItem","position":1,"name":"Portada","item":"https:\/\/susppiro.com\/de\/"},{"@type":"ListItem","position":2,"name":"Shop","item":"https:\/\/susppiro.com\/de\/shop\/"},{"@type":"ListItem","position":3,"name":"7MEH &#8211; M Corsa Softshell Mailot Cycling Man"}]},{"@type":"WebSite","@id":"https:\/\/susppiro.com\/de\/#website","url":"https:\/\/susppiro.com\/de\/","name":"Susppiro Shop","description":"Tienda online de moda y complementos","publisher":{"@id":"https:\/\/susppiro.com\/de\/#organization"},"potentialAction":[{"@type":"SearchAction","target":{"@type":"EntryPoint","urlTemplate":"https:\/\/susppiro.com\/de\/?s={search_term_string}"},"query-input":{"@type":"PropertyValueSpecification","valueRequired":true,"valueName":"search_term_string"}}],"inLanguage":"de"},{"@type":"Organization","@id":"https:\/\/susppiro.com\/de\/#organization","name":"Pappiro CB","url":"https:\/\/susppiro.com\/de\/","logo":{"@type":"ImageObject","inLanguage":"de","@id":"https:\/\/susppiro.com\/de\/#\/schema\/logo\/image\/","url":"https:\/\/susppiro.com\/wp-content\/uploads\/2025\/03\/Logo-Susppiro-Negro.svg","contentUrl":"https:\/\/susppiro.com\/wp-content\/uploads\/2025\/03\/Logo-Susppiro-Negro.svg","width":1,"height":1,"caption":"Pappiro CB"},"image":{"@id":"https:\/\/susppiro.com\/de\/#\/schema\/logo\/image\/"}}]}},"_links":{"self":[{"href":"https:\/\/susppiro.com\/de\/wp-json\/wp\/v2\/product\/166420","targetHints":{"allow":["GET"]}}],"collection":[{"href":"https:\/\/susppiro.com\/de\/wp-json\/wp\/v2\/product"}],"about":[{"href":"https:\/\/susppiro.com\/de\/wp-json\/wp\/v2\/types\/product"}],"wp:featuredmedia":[{"embeddable":true,"href":"https:\/\/susppiro.com\/de\/wp-json\/wp\/v2\/media\/155708"}],"wp:attachment":[{"href":"https:\/\/susppiro.com\/de\/wp-json\/wp\/v2\/media?parent=166420"}],"wp:term":[{"taxonomy":"product_brand","embeddable":true,"href":"https:\/\/susppiro.com\/de\/wp-json\/wp\/v2\/product_brand?post=166420"},{"taxonomy":"product_cat","embeddable":true,"href":"https:\/\/susppiro.com\/de\/wp-json\/wp\/v2\/product_cat?post=166420"},{"taxonomy":"product_tag","embeddable":true,"href":"https:\/\/susppiro.com\/de\/wp-json\/wp\/v2\/product_tag?post=166420"}],"curies":[{"name":"wp","href":"https:\/\/api.w.org\/{rel}","templated":true}]}}