{"id":166410,"date":"2025-03-11T13:49:31","date_gmt":"2025-03-11T12:49:31","guid":{"rendered":"https:\/\/susppiro.com\/unkategorisiert\/7meh-m-far-short-short-hosen-radsportmann-2\/"},"modified":"2025-03-11T13:49:31","modified_gmt":"2025-03-11T12:49:31","slug":"7meh-m-far-short-short-hosen-radsportmann-2","status":"publish","type":"product","link":"https:\/\/susppiro.com\/de\/product\/nicht-kategorisiert-de\/7meh-m-far-short-short-hosen-radsportmann-2\/","title":{"rendered":"7MEH &#8211; M Far Short Short Hosen Radsportmann"},"content":{"rendered":"<p>Summer Short f\u00fcr Ihre Fahrradabenteuer, \u00fcber Kies oder Off -Road. Der Stoff hat eine Dehnung in vier Richtungen, sodass er trotz der Anpassung eine vollst\u00e4ndige Bewegungsfreiheit und den Komfort in seiner Pedale erhalten. Ein weiches Doppelgewebe bietet Ihnen eine gro\u00dfe Haltbarkeit, w\u00e4hrend sich die R\u00fcckseite des R\u00fcckens beim Schwitzen nicht an der Haut h\u00e4lt. Der d\u00fcnnste Schnitt als der der beliebten Gleitpfad -Shorts macht es ideal f\u00fcr diejenigen, die keine Kompatibilit\u00e4t mit dem Knie suchen.<br \/>\nHergestellt mit Nylon Stretch 2-4 Wege wasserdicht.<br \/>\nEigenschaften:<br \/>\n&#8211; Zwei H\u00e4nde Taschen<br \/>\n&#8211; Eine Seitentasche mit Rei\u00dfverschluss.<br \/>\n&#8211; Riemenschleife sowie Taillenverriegelungsschleife.<br \/>\n&#8211; Schlie\u00dfung des 7Memh Branddrucks Rei\u00dfverschluss.<br \/>\n&#8211; Reflektierende Details<br \/>\n&#8211; verst\u00e4rkte N\u00e4hte im Schritt.<br \/>\n&#8211; Clean Fertiger Hits<br \/>\n&#8211; Largo -Schritt 27 cm (10,5)<\/p>\n","protected":false},"excerpt":{"rendered":"<p>Farside ist unsere Sommershorts an alle Oberfl\u00e4chen anpassbar und f\u00fcr Offroad -Abenteuer hergestellt.<\/p>\n","protected":false},"featured_media":155667,"template":"","meta":[],"product_brand":[198],"product_cat":[286],"product_tag":[],"class_list":{"0":"post-166410","1":"product","2":"type-product","3":"status-publish","4":"has-post-thumbnail","6":"product_brand-7mesh","7":"product_cat-nicht-kategorisiert","9":"first","10":"instock","11":"sale","12":"taxable","13":"shipping-taxable","14":"purchasable","15":"product-type-variable"},"yoast_head":"<!-- This site is optimized with the Yoast SEO plugin v26.5 - https:\/\/yoast.com\/wordpress\/plugins\/seo\/ -->\n<title>7MEH - M Far Short Short Hosen Radsportmann - Susppiro<\/title>\n<meta name=\"robots\" content=\"index, follow, max-snippet:-1, max-image-preview:large, max-video-preview:-1\" \/>\n<link rel=\"canonical\" href=\"https:\/\/susppiro.com\/de\/product\/nicht-kategorisiert-de\/7meh-m-far-short-short-hosen-radsportmann-2\/\" \/>\n<meta property=\"og:locale\" content=\"de_DE\" \/>\n<meta property=\"og:type\" content=\"article\" \/>\n<meta property=\"og:title\" content=\"7MEH - M Far Short Short Hosen Radsportmann - Susppiro\" \/>\n<meta property=\"og:description\" content=\"Farside ist unsere Sommershorts an alle Oberfl\u00e4chen anpassbar und f\u00fcr Offroad -Abenteuer hergestellt.\" \/>\n<meta property=\"og:url\" content=\"https:\/\/susppiro.com\/de\/product\/nicht-kategorisiert-de\/7meh-m-far-short-short-hosen-radsportmann-2\/\" \/>\n<meta property=\"og:site_name\" content=\"Susppiro\" \/>\n<meta property=\"og:image\" content=\"https:\/\/susppiro.com\/wp-content\/uploads\/2025\/03\/s19-7mesh-farside-short-m-alloy-front.webp\" \/>\n\t<meta property=\"og:image:width\" content=\"1000\" \/>\n\t<meta property=\"og:image:height\" content=\"1250\" \/>\n\t<meta property=\"og:image:type\" content=\"image\/webp\" \/>\n<meta name=\"twitter:card\" content=\"summary_large_image\" \/>\n<meta name=\"twitter:label1\" content=\"Gesch\u00e4tzte Lesezeit\" \/>\n\t<meta name=\"twitter:data1\" content=\"1\u00a0Minute\" \/>\n<script type=\"application\/ld+json\" class=\"yoast-schema-graph\">{\"@context\":\"https:\/\/schema.org\",\"@graph\":[{\"@type\":\"WebPage\",\"@id\":\"https:\/\/susppiro.com\/de\/product\/nicht-kategorisiert-de\/7meh-m-far-short-short-hosen-radsportmann-2\/\",\"url\":\"https:\/\/susppiro.com\/de\/product\/nicht-kategorisiert-de\/7meh-m-far-short-short-hosen-radsportmann-2\/\",\"name\":\"7MEH - M Far Short Short Hosen Radsportmann - Susppiro\",\"isPartOf\":{\"@id\":\"https:\/\/susppiro.com\/de\/#website\"},\"primaryImageOfPage\":{\"@id\":\"https:\/\/susppiro.com\/de\/product\/nicht-kategorisiert-de\/7meh-m-far-short-short-hosen-radsportmann-2\/#primaryimage\"},\"image\":{\"@id\":\"https:\/\/susppiro.com\/de\/product\/nicht-kategorisiert-de\/7meh-m-far-short-short-hosen-radsportmann-2\/#primaryimage\"},\"thumbnailUrl\":\"https:\/\/susppiro.com\/wp-content\/uploads\/2025\/03\/s19-7mesh-farside-short-m-alloy-front.webp\",\"datePublished\":\"2025-03-11T12:49:31+00:00\",\"breadcrumb\":{\"@id\":\"https:\/\/susppiro.com\/de\/product\/nicht-kategorisiert-de\/7meh-m-far-short-short-hosen-radsportmann-2\/#breadcrumb\"},\"inLanguage\":\"de\",\"potentialAction\":[{\"@type\":\"ReadAction\",\"target\":[\"https:\/\/susppiro.com\/de\/product\/nicht-kategorisiert-de\/7meh-m-far-short-short-hosen-radsportmann-2\/\"]}]},{\"@type\":\"ImageObject\",\"inLanguage\":\"de\",\"@id\":\"https:\/\/susppiro.com\/de\/product\/nicht-kategorisiert-de\/7meh-m-far-short-short-hosen-radsportmann-2\/#primaryimage\",\"url\":\"https:\/\/susppiro.com\/wp-content\/uploads\/2025\/03\/s19-7mesh-farside-short-m-alloy-front.webp\",\"contentUrl\":\"https:\/\/susppiro.com\/wp-content\/uploads\/2025\/03\/s19-7mesh-farside-short-m-alloy-front.webp\",\"width\":1000,\"height\":1250},{\"@type\":\"BreadcrumbList\",\"@id\":\"https:\/\/susppiro.com\/de\/product\/nicht-kategorisiert-de\/7meh-m-far-short-short-hosen-radsportmann-2\/#breadcrumb\",\"itemListElement\":[{\"@type\":\"ListItem\",\"position\":1,\"name\":\"Portada\",\"item\":\"https:\/\/susppiro.com\/de\/\"},{\"@type\":\"ListItem\",\"position\":2,\"name\":\"Shop\",\"item\":\"https:\/\/susppiro.com\/de\/shop\/\"},{\"@type\":\"ListItem\",\"position\":3,\"name\":\"7MEH &#8211; M Far Short Short Hosen Radsportmann\"}]},{\"@type\":\"WebSite\",\"@id\":\"https:\/\/susppiro.com\/de\/#website\",\"url\":\"https:\/\/susppiro.com\/de\/\",\"name\":\"Susppiro Shop\",\"description\":\"Tienda online de moda y complementos\",\"publisher\":{\"@id\":\"https:\/\/susppiro.com\/de\/#organization\"},\"potentialAction\":[{\"@type\":\"SearchAction\",\"target\":{\"@type\":\"EntryPoint\",\"urlTemplate\":\"https:\/\/susppiro.com\/de\/?s={search_term_string}\"},\"query-input\":{\"@type\":\"PropertyValueSpecification\",\"valueRequired\":true,\"valueName\":\"search_term_string\"}}],\"inLanguage\":\"de\"},{\"@type\":\"Organization\",\"@id\":\"https:\/\/susppiro.com\/de\/#organization\",\"name\":\"Pappiro CB\",\"url\":\"https:\/\/susppiro.com\/de\/\",\"logo\":{\"@type\":\"ImageObject\",\"inLanguage\":\"de\",\"@id\":\"https:\/\/susppiro.com\/de\/#\/schema\/logo\/image\/\",\"url\":\"https:\/\/susppiro.com\/wp-content\/uploads\/2025\/03\/Logo-Susppiro-Negro.svg\",\"contentUrl\":\"https:\/\/susppiro.com\/wp-content\/uploads\/2025\/03\/Logo-Susppiro-Negro.svg\",\"width\":1,\"height\":1,\"caption\":\"Pappiro CB\"},\"image\":{\"@id\":\"https:\/\/susppiro.com\/de\/#\/schema\/logo\/image\/\"}}]}<\/script>\n<!-- \/ Yoast SEO plugin. -->","yoast_head_json":{"title":"7MEH - M Far Short Short Hosen Radsportmann - Susppiro","robots":{"index":"index","follow":"follow","max-snippet":"max-snippet:-1","max-image-preview":"max-image-preview:large","max-video-preview":"max-video-preview:-1"},"canonical":"https:\/\/susppiro.com\/de\/product\/nicht-kategorisiert-de\/7meh-m-far-short-short-hosen-radsportmann-2\/","og_locale":"de_DE","og_type":"article","og_title":"7MEH - M Far Short Short Hosen Radsportmann - Susppiro","og_description":"Farside ist unsere Sommershorts an alle Oberfl\u00e4chen anpassbar und f\u00fcr Offroad -Abenteuer hergestellt.","og_url":"https:\/\/susppiro.com\/de\/product\/nicht-kategorisiert-de\/7meh-m-far-short-short-hosen-radsportmann-2\/","og_site_name":"Susppiro","og_image":[{"width":1000,"height":1250,"url":"https:\/\/susppiro.com\/wp-content\/uploads\/2025\/03\/s19-7mesh-farside-short-m-alloy-front.webp","type":"image\/webp"}],"twitter_card":"summary_large_image","twitter_misc":{"Gesch\u00e4tzte Lesezeit":"1\u00a0Minute"},"schema":{"@context":"https:\/\/schema.org","@graph":[{"@type":"WebPage","@id":"https:\/\/susppiro.com\/de\/product\/nicht-kategorisiert-de\/7meh-m-far-short-short-hosen-radsportmann-2\/","url":"https:\/\/susppiro.com\/de\/product\/nicht-kategorisiert-de\/7meh-m-far-short-short-hosen-radsportmann-2\/","name":"7MEH - M Far Short Short Hosen Radsportmann - Susppiro","isPartOf":{"@id":"https:\/\/susppiro.com\/de\/#website"},"primaryImageOfPage":{"@id":"https:\/\/susppiro.com\/de\/product\/nicht-kategorisiert-de\/7meh-m-far-short-short-hosen-radsportmann-2\/#primaryimage"},"image":{"@id":"https:\/\/susppiro.com\/de\/product\/nicht-kategorisiert-de\/7meh-m-far-short-short-hosen-radsportmann-2\/#primaryimage"},"thumbnailUrl":"https:\/\/susppiro.com\/wp-content\/uploads\/2025\/03\/s19-7mesh-farside-short-m-alloy-front.webp","datePublished":"2025-03-11T12:49:31+00:00","breadcrumb":{"@id":"https:\/\/susppiro.com\/de\/product\/nicht-kategorisiert-de\/7meh-m-far-short-short-hosen-radsportmann-2\/#breadcrumb"},"inLanguage":"de","potentialAction":[{"@type":"ReadAction","target":["https:\/\/susppiro.com\/de\/product\/nicht-kategorisiert-de\/7meh-m-far-short-short-hosen-radsportmann-2\/"]}]},{"@type":"ImageObject","inLanguage":"de","@id":"https:\/\/susppiro.com\/de\/product\/nicht-kategorisiert-de\/7meh-m-far-short-short-hosen-radsportmann-2\/#primaryimage","url":"https:\/\/susppiro.com\/wp-content\/uploads\/2025\/03\/s19-7mesh-farside-short-m-alloy-front.webp","contentUrl":"https:\/\/susppiro.com\/wp-content\/uploads\/2025\/03\/s19-7mesh-farside-short-m-alloy-front.webp","width":1000,"height":1250},{"@type":"BreadcrumbList","@id":"https:\/\/susppiro.com\/de\/product\/nicht-kategorisiert-de\/7meh-m-far-short-short-hosen-radsportmann-2\/#breadcrumb","itemListElement":[{"@type":"ListItem","position":1,"name":"Portada","item":"https:\/\/susppiro.com\/de\/"},{"@type":"ListItem","position":2,"name":"Shop","item":"https:\/\/susppiro.com\/de\/shop\/"},{"@type":"ListItem","position":3,"name":"7MEH &#8211; M Far Short Short Hosen Radsportmann"}]},{"@type":"WebSite","@id":"https:\/\/susppiro.com\/de\/#website","url":"https:\/\/susppiro.com\/de\/","name":"Susppiro Shop","description":"Tienda online de moda y complementos","publisher":{"@id":"https:\/\/susppiro.com\/de\/#organization"},"potentialAction":[{"@type":"SearchAction","target":{"@type":"EntryPoint","urlTemplate":"https:\/\/susppiro.com\/de\/?s={search_term_string}"},"query-input":{"@type":"PropertyValueSpecification","valueRequired":true,"valueName":"search_term_string"}}],"inLanguage":"de"},{"@type":"Organization","@id":"https:\/\/susppiro.com\/de\/#organization","name":"Pappiro CB","url":"https:\/\/susppiro.com\/de\/","logo":{"@type":"ImageObject","inLanguage":"de","@id":"https:\/\/susppiro.com\/de\/#\/schema\/logo\/image\/","url":"https:\/\/susppiro.com\/wp-content\/uploads\/2025\/03\/Logo-Susppiro-Negro.svg","contentUrl":"https:\/\/susppiro.com\/wp-content\/uploads\/2025\/03\/Logo-Susppiro-Negro.svg","width":1,"height":1,"caption":"Pappiro CB"},"image":{"@id":"https:\/\/susppiro.com\/de\/#\/schema\/logo\/image\/"}}]}},"_links":{"self":[{"href":"https:\/\/susppiro.com\/de\/wp-json\/wp\/v2\/product\/166410","targetHints":{"allow":["GET"]}}],"collection":[{"href":"https:\/\/susppiro.com\/de\/wp-json\/wp\/v2\/product"}],"about":[{"href":"https:\/\/susppiro.com\/de\/wp-json\/wp\/v2\/types\/product"}],"wp:featuredmedia":[{"embeddable":true,"href":"https:\/\/susppiro.com\/de\/wp-json\/wp\/v2\/media\/155667"}],"wp:attachment":[{"href":"https:\/\/susppiro.com\/de\/wp-json\/wp\/v2\/media?parent=166410"}],"wp:term":[{"taxonomy":"product_brand","embeddable":true,"href":"https:\/\/susppiro.com\/de\/wp-json\/wp\/v2\/product_brand?post=166410"},{"taxonomy":"product_cat","embeddable":true,"href":"https:\/\/susppiro.com\/de\/wp-json\/wp\/v2\/product_cat?post=166410"},{"taxonomy":"product_tag","embeddable":true,"href":"https:\/\/susppiro.com\/de\/wp-json\/wp\/v2\/product_tag?post=166410"}],"curies":[{"name":"wp","href":"https:\/\/api.w.org\/{rel}","templated":true}]}}